{"id":20105,"date":"2024-01-29T23:43:31","date_gmt":"2024-01-29T20:43:31","guid":{"rendered":"https:\/\/goztepesogutma.com\/?page_id=20105"},"modified":"2024-01-30T00:06:53","modified_gmt":"2024-01-29T21:06:53","slug":"goztepe-sogutma","status":"publish","type":"page","link":"https:\/\/goztepesogutma.com\/en\/goztepe-sogutma\/","title":{"rendered":"G\u00f6ztepe Cooling"},"content":{"rendered":"\t\t<div data-elementor-type=\"wp-page\" data-elementor-id=\"20105\" class=\"elementor elementor-20105\">\n\t\t\t\t\t\t<div class=\"elementor-inner\">\n\t\t\t\t<div class=\"elementor-section-wrap\">\n\t\t\t\t\t\t\t\t\t<section class=\"elementor-section elementor-top-section elementor-element elementor-element-1e2a589 elementor-section-stretched elementor-section-boxed elementor-section-height-default elementor-section-height-default\" data-id=\"1e2a589\" data-element_type=\"section\" data-settings=\"{&quot;stretch_section&quot;:&quot;section-stretched&quot;,&quot;background_background&quot;:&quot;classic&quot;}\">\n\t\t\t\t\t\t<div class=\"elementor-container elementor-column-gap-default\">\n\t\t\t\t\t\t\t<div class=\"elementor-row\">\n\t\t\t\t\t<div class=\"elementor-column elementor-col-100 elementor-top-column elementor-element elementor-element-4caaa5b\" data-id=\"4caaa5b\" data-element_type=\"column\" data-settings=\"{&quot;background_background&quot;:&quot;classic&quot;}\">\n\t\t\t<div class=\"elementor-column-wrap elementor-element-populated\">\n\t\t\t\t\t\t\t<div class=\"elementor-widget-wrap\">\n\t\t\t\t\t\t<section class=\"elementor-section elementor-inner-section elementor-element elementor-element-629cc83 elementor-section-boxed elementor-section-height-default elementor-section-height-default\" data-id=\"629cc83\" data-element_type=\"section\">\n\t\t\t\t\t\t<div class=\"elementor-container elementor-column-gap-default\">\n\t\t\t\t\t\t\t<div class=\"elementor-row\">\n\t\t\t\t\t<div class=\"elementor-column elementor-col-50 elementor-inner-column elementor-element elementor-element-07287f3\" data-id=\"07287f3\" data-element_type=\"column\" data-settings=\"{&quot;background_background&quot;:&quot;classic&quot;}\">\n\t\t\t<div class=\"elementor-column-wrap elementor-element-populated\">\n\t\t\t\t\t\t\t<div class=\"elementor-widget-wrap\">\n\t\t\t\t\t\t<div class=\"elementor-element elementor-element-2c6fe86 elementor-widget elementor-widget-agrarium_heading\" data-id=\"2c6fe86\" data-element_type=\"widget\" data-widget_type=\"agrarium_heading.default\">\n\t\t\t\t<div class=\"elementor-widget-container\">\n\t\t\t<div class=\"agrarium-heading-widget\"><h2 class=\"agrarium-heading\"><span class=\"agrarium-subheading\">About Farming<\/span><span class=\"agrarium-heading-content\">Goztepe So\u011futma<\/span><\/h2><\/div>\t\t<\/div>\n\t\t\t\t<\/div>\n\t\t\t\t<div class=\"elementor-element elementor-element-b0ca393 elementor-widget elementor-widget-text-editor\" data-id=\"b0ca393\" data-element_type=\"widget\" data-widget_type=\"text-editor.default\">\n\t\t\t\t<div class=\"elementor-widget-container\">\n\t\t\t<style>\/*! elementor - v3.18.0 - 20-12-2023 *\/\n.elementor-widget-text-editor.elementor-drop-cap-view-stacked .elementor-drop-cap{background-color:#69727d;color:#fff}.elementor-widget-text-editor.elementor-drop-cap-view-framed .elementor-drop-cap{color:#69727d;border:3px solid;background-color:transparent}.elementor-widget-text-editor:not(.elementor-drop-cap-view-default) .elementor-drop-cap{margin-top:8px}.elementor-widget-text-editor:not(.elementor-drop-cap-view-default) .elementor-drop-cap-letter{width:1em;height:1em}.elementor-widget-text-editor .elementor-drop-cap{float:left;text-align:center;line-height:1;font-size:50px}.elementor-widget-text-editor .elementor-drop-cap-letter{display:inline-block}<\/style>\t\t\t\t\t<div class=\"elementor-text-editor elementor-clearfix\">\n\t\t\t\t<p><strong>G\u00f6ztepe So\u011futma: Taze Lezzetin Ad\u0131<\/strong><\/p><p>G\u00f6ztepe So\u011futma olarak, meyve ve sebzelerin tazeli\u011fini koruyarak, en kaliteli \u00fcr\u00fcnleri d\u00fcnya geneline ula\u015ft\u0131rmaktan gurur duyuyoruz. Y\u0131llar\u0131n deneyimi ve uzman kadromuzla, tarladan sofraya kadar olan s\u00fcre\u00e7te kaliteyi en \u00fcst d\u00fczeyde tutuyor, m\u00fc\u015fterilerimize sa\u011fl\u0131kl\u0131 ve taze \u00fcr\u00fcnleri sunuyoruz.<\/p><p><strong>\u00dcr\u00fcnlerimiz:<\/strong><\/p><p>Meyve ve sebzelerin depolanmas\u0131 konusundaki uzmanl\u0131\u011f\u0131m\u0131z, geni\u015f \u00fcr\u00fcn yelpazemizi olu\u015fturuyor. Her bir \u00fcr\u00fcn\u00fcm\u00fcz, \u00f6zenle se\u00e7ilen tarlalardan temin edilir ve \u00f6zel so\u011fuk depolama sistemimizde en uygun ko\u015fullarda saklan\u0131r. G\u00f6ztepe So\u011futma olarak sundu\u011fumuz ba\u015fl\u0131ca \u00fcr\u00fcnler aras\u0131nda:<\/p><ul><li>Taze meyveler: \u0130ncir, nar, \u00fcz\u00fcm, portakal ve daha fazlas\u0131.<\/li><li>Taze sebzeler: Salatal\u0131k, domates, biber, kabak gibi sebzeler<\/li><\/ul><p><strong>Kalite Politikam\u0131z:<\/strong><\/p><p>G\u00f6ztepe So\u011futma, m\u00fc\u015fteri memnuniyetini \u00f6n planda tutan bir kurulu\u015ftur. \u00dcr\u00fcnlerimizin her biri, uluslararas\u0131 standartlara uygun olarak yeti\u015ftirilir ve depolan\u0131r. So\u011fuk zincirin her a\u015famas\u0131nda titizlikle kontrol sa\u011flayarak, taze lezzetin en iyi halini sizlere sunmay\u0131 ama\u00e7l\u0131yoruz.<\/p><p><strong>D\u00fcnya Geneline Hizmet:<\/strong><\/p><p>G\u00f6ztepe So\u011futma olarak sadece T\u00fcrkiye pazar\u0131na de\u011fil, ayn\u0131 zamanda d\u00fcnya genelindeki m\u00fc\u015fterilere de hizmet veriyoruz. Y\u00fcksek kalite standartlar\u0131m\u0131z ve g\u00fcvenilir lojistik a\u011f\u0131m\u0131z sayesinde, \u00fcr\u00fcnlerimiz taze ve sa\u011fl\u0131kl\u0131 bir \u015fekilde yurtd\u0131\u015f\u0131ndaki sofralara ula\u015f\u0131yor.<\/p><p><strong>Bize Ula\u015f\u0131n:<\/strong><\/p><p>Taze, sa\u011fl\u0131kl\u0131 ve kaliteli \u00fcr\u00fcnlerle tan\u0131\u015fmak istiyorsan\u0131z, G\u00f6ztepe So\u011futma size en iyisini sunmaya haz\u0131r. Bizimle ileti\u015fime ge\u00e7mek ve \u00fcr\u00fcnlerimiz hakk\u0131nda daha fazla bilgi almak i\u00e7in l\u00fctfen bizi aray\u0131n veya e-posta yoluyla ula\u015f\u0131n. Size en k\u0131sa s\u00fcrede yard\u0131mc\u0131 olmaktan memnuniyet duyar\u0131z.<\/p><p>G\u00f6ztepe So\u011futma, tazeli\u011fin ve kalitenin adresi!<\/p>\t\t\t\t\t<\/div>\n\t\t\t\t\t\t<\/div>\n\t\t\t\t<\/div>\n\t\t\t\t\t\t<\/div>\n\t\t\t\t\t<\/div>\n\t\t<\/div>\n\t\t\t\t<div class=\"elementor-column elementor-col-50 elementor-inner-column elementor-element elementor-element-fbc05b1 elementor-hidden-tablet\" data-id=\"fbc05b1\" data-element_type=\"column\">\n\t\t\t<div class=\"elementor-column-wrap elementor-element-populated\">\n\t\t\t\t\t\t\t<div class=\"elementor-widget-wrap\">\n\t\t\t\t\t\t<div class=\"elementor-element elementor-element-c04628d elementor-widget-tablet__width-auto scroll-motion-no elementor-invisible elementor-widget elementor-widget-image\" data-id=\"c04628d\" data-element_type=\"widget\" data-settings=\"{&quot;_animation&quot;:&quot;ta_under_strips&quot;,&quot;_animation_laptop&quot;:&quot;none&quot;}\" data-widget_type=\"image.default\">\n\t\t\t\t<div class=\"elementor-widget-container\">\n\t\t\t<style>\/*! elementor - v3.18.0 - 20-12-2023 *\/\n.elementor-widget-image{text-align:center}.elementor-widget-image a{display:inline-block}.elementor-widget-image a img[src$=\".svg\"]{width:48px}.elementor-widget-image img{vertical-align:middle;display:inline-block}<\/style>\t\t\t\t\t<div class=\"elementor-image\">\n\t\t\t\t\t\t\t\t\t\t\t\t<img fetchpriority=\"high\" decoding=\"async\" width=\"1080\" height=\"1080\" src=\"https:\/\/goztepesogutma.com\/wp-content\/uploads\/2024\/01\/goztepesogutma.jpg\" class=\"attachment-full size-full wp-image-20112\" alt=\"\" srcset=\"https:\/\/goztepesogutma.com\/wp-content\/uploads\/2024\/01\/goztepesogutma.jpg 1080w, https:\/\/goztepesogutma.com\/wp-content\/uploads\/2024\/01\/goztepesogutma-300x300.jpg 300w, https:\/\/goztepesogutma.com\/wp-content\/uploads\/2024\/01\/goztepesogutma-1024x1024.jpg 1024w, https:\/\/goztepesogutma.com\/wp-content\/uploads\/2024\/01\/goztepesogutma-150x150.jpg 150w, https:\/\/goztepesogutma.com\/wp-content\/uploads\/2024\/01\/goztepesogutma-768x768.jpg 768w, https:\/\/goztepesogutma.com\/wp-content\/uploads\/2024\/01\/goztepesogutma-640x640.jpg 640w, https:\/\/goztepesogutma.com\/wp-content\/uploads\/2024\/01\/goztepesogutma-480x480.jpg 480w, https:\/\/goztepesogutma.com\/wp-content\/uploads\/2024\/01\/goztepesogutma-384x384.jpg 384w, https:\/\/goztepesogutma.com\/wp-content\/uploads\/2024\/01\/goztepesogutma-320x320.jpg 320w\" sizes=\"(max-width: 1080px) 100vw, 1080px\" \/>\t\t\t\t\t\t\t\t\t\t\t\t\t\t<\/div>\n\t\t\t\t\t\t<\/div>\n\t\t\t\t<\/div>\n\t\t\t\t\t\t<\/div>\n\t\t\t\t\t<\/div>\n\t\t<\/div>\n\t\t\t\t\t\t\t\t<\/div>\n\t\t\t\t\t<\/div>\n\t\t<\/section>\n\t\t\t\t\t\t<\/div>\n\t\t\t\t\t<\/div>\n\t\t<\/div>\n\t\t\t\t\t\t\t\t<\/div>\n\t\t\t\t\t<\/div>\n\t\t<\/section>\n\t\t\t\t\t\t\t\t\t<\/div>\n\t\t\t<\/div>\n\t\t\t\t\t<\/div>\n\t\t","protected":false},"excerpt":{"rendered":"<p>G\u00f6ztepe So\u011futma: Taze Lezzetin Ad\u0131 G\u00f6ztepe So\u011futma olarak, meyve ve sebzelerin tazeli\u011fini koruyarak, en kaliteli \u00fcr\u00fcnleri d\u00fcnya geneline ula\u015ft\u0131rmaktan gurur duyuyoruz. Y\u0131llar\u0131n deneyimi ve uzman kadromuzla, tarladan sofraya kadar olan s\u00fcre\u00e7te kaliteyi en \u00fcst d\u00fczeyde tutuyor, m\u00fc\u015fterilerimize sa\u011fl\u0131kl\u0131 ve taze \u00fcr\u00fcnleri&#8230;<\/p>","protected":false},"author":1,"featured_media":0,"parent":0,"menu_order":0,"comment_status":"closed","ping_status":"closed","template":"","meta":{"footnotes":""},"class_list":["post-20105","page","type-page","status-publish","hentry"],"aioseo_notices":[],"_links":{"self":[{"href":"https:\/\/goztepesogutma.com\/en\/wp-json\/wp\/v2\/pages\/20105","targetHints":{"allow":["GET"]}}],"collection":[{"href":"https:\/\/goztepesogutma.com\/en\/wp-json\/wp\/v2\/pages"}],"about":[{"href":"https:\/\/goztepesogutma.com\/en\/wp-json\/wp\/v2\/types\/page"}],"author":[{"embeddable":true,"href":"https:\/\/goztepesogutma.com\/en\/wp-json\/wp\/v2\/users\/1"}],"replies":[{"embeddable":true,"href":"https:\/\/goztepesogutma.com\/en\/wp-json\/wp\/v2\/comments?post=20105"}],"version-history":[{"count":10,"href":"https:\/\/goztepesogutma.com\/en\/wp-json\/wp\/v2\/pages\/20105\/revisions"}],"predecessor-version":[{"id":20118,"href":"https:\/\/goztepesogutma.com\/en\/wp-json\/wp\/v2\/pages\/20105\/revisions\/20118"}],"wp:attachment":[{"href":"https:\/\/goztepesogutma.com\/en\/wp-json\/wp\/v2\/media?parent=20105"}],"curies":[{"name":"wp","href":"https:\/\/api.w.org\/{rel}","templated":true}]}}