{"id":172,"date":"2021-04-19T13:49:28","date_gmt":"2021-04-19T13:49:28","guid":{"rendered":"https:\/\/demo.artureanec.com\/themes\/agrarium\/?page_id=172"},"modified":"2024-02-01T23:35:54","modified_gmt":"2024-02-01T20:35:54","slug":"hakkimizda","status":"publish","type":"page","link":"https:\/\/goztepesogutma.com\/ru\/hakkimizda\/","title":{"rendered":"\u041e \u043d\u0430\u0441"},"content":{"rendered":"\t\t<div data-elementor-type=\"wp-page\" data-elementor-id=\"172\" class=\"elementor elementor-172\">\n\t\t\t\t\t\t<div class=\"elementor-inner\">\n\t\t\t\t<div class=\"elementor-section-wrap\">\n\t\t\t\t\t\t\t\t\t<section class=\"elementor-section elementor-top-section elementor-element elementor-element-1e2a589 elementor-section-stretched elementor-section-boxed elementor-section-height-default elementor-section-height-default\" data-id=\"1e2a589\" data-element_type=\"section\" data-settings=\"{&quot;stretch_section&quot;:&quot;section-stretched&quot;,&quot;background_background&quot;:&quot;classic&quot;}\">\n\t\t\t\t\t\t<div class=\"elementor-container elementor-column-gap-default\">\n\t\t\t\t\t\t\t<div class=\"elementor-row\">\n\t\t\t\t\t<div class=\"elementor-column elementor-col-100 elementor-top-column elementor-element elementor-element-4caaa5b\" data-id=\"4caaa5b\" data-element_type=\"column\" data-settings=\"{&quot;background_background&quot;:&quot;classic&quot;}\">\n\t\t\t<div class=\"elementor-column-wrap elementor-element-populated\">\n\t\t\t\t\t\t\t<div class=\"elementor-widget-wrap\">\n\t\t\t\t\t\t<section class=\"elementor-section elementor-inner-section elementor-element elementor-element-629cc83 elementor-section-boxed elementor-section-height-default elementor-section-height-default\" data-id=\"629cc83\" data-element_type=\"section\">\n\t\t\t\t\t\t<div class=\"elementor-container elementor-column-gap-default\">\n\t\t\t\t\t\t\t<div class=\"elementor-row\">\n\t\t\t\t\t<div class=\"elementor-column elementor-col-50 elementor-inner-column elementor-element elementor-element-07287f3\" data-id=\"07287f3\" data-element_type=\"column\" data-settings=\"{&quot;background_background&quot;:&quot;classic&quot;}\">\n\t\t\t<div class=\"elementor-column-wrap elementor-element-populated\">\n\t\t\t\t\t\t\t<div class=\"elementor-widget-wrap\">\n\t\t\t\t\t\t<div class=\"elementor-element elementor-element-2c6fe86 elementor-widget elementor-widget-agrarium_heading\" data-id=\"2c6fe86\" data-element_type=\"widget\" data-widget_type=\"agrarium_heading.default\">\n\t\t\t\t<div class=\"elementor-widget-container\">\n\t\t\t<div class=\"agrarium-heading-widget\"><h2 class=\"agrarium-heading\"><span class=\"agrarium-subheading\">Hakk\u0131m\u0131zda<\/span><span class=\"agrarium-heading-content\">G\u00f6ztepe Fresh | Goztepe So\u011futma<\/span><\/h2><\/div>\t\t<\/div>\n\t\t\t\t<\/div>\n\t\t\t\t<div class=\"elementor-element elementor-element-b0ca393 elementor-widget elementor-widget-text-editor\" data-id=\"b0ca393\" data-element_type=\"widget\" data-widget_type=\"text-editor.default\">\n\t\t\t\t<div class=\"elementor-widget-container\">\n\t\t\t<style>\/*! elementor - v3.18.0 - 20-12-2023 *\/\n.elementor-widget-text-editor.elementor-drop-cap-view-stacked .elementor-drop-cap{background-color:#69727d;color:#fff}.elementor-widget-text-editor.elementor-drop-cap-view-framed .elementor-drop-cap{color:#69727d;border:3px solid;background-color:transparent}.elementor-widget-text-editor:not(.elementor-drop-cap-view-default) .elementor-drop-cap{margin-top:8px}.elementor-widget-text-editor:not(.elementor-drop-cap-view-default) .elementor-drop-cap-letter{width:1em;height:1em}.elementor-widget-text-editor .elementor-drop-cap{float:left;text-align:center;line-height:1;font-size:50px}.elementor-widget-text-editor .elementor-drop-cap-letter{display:inline-block}<\/style>\t\t\t\t\t<div class=\"elementor-text-editor elementor-clearfix\">\n\t\t\t\t<p>\u00a0<\/p><p><strong>G\u00f6ztepe So\u011futma ve G\u00f6ztepe Fresh<\/strong><\/p><p><em>Kalite ve Tazelikte \u00d6nc\u00fc!<\/em><\/p><p>G\u00f6ztepe So\u011futma ve G\u00f6ztepe Fresh, tar\u0131m \u00fcr\u00fcnleri so\u011futma ve ihracat\u0131nda sekt\u00f6rde \u00f6nc\u00fc bir firma olarak bilinmektedir. M\u00fc\u015fterilerimize y\u00fcksek kaliteli meyve ve sebzelerin taze kalmas\u0131n\u0131 sa\u011flama konusundaki taahh\u00fcd\u00fcm\u00fczle, sekt\u00f6rdeki liderli\u011fimizi s\u00fcrd\u00fcrmekteyiz.<\/p><p><strong>Hizmetlerimiz:<\/strong><\/p><ol><li><p><strong>M\u00fckemmel So\u011futma \u00c7\u00f6z\u00fcmleri:<\/strong> \u00dcr\u00fcnlerimizin tazelik ve besin de\u011ferini korumak amac\u0131yla son teknoloji so\u011futma sistemlerini kullan\u0131yoruz. Depolama, paketleme ve nakliye a\u015famalar\u0131nda kalite standartlar\u0131n\u0131 en \u00fcst seviyede tutarak m\u00fc\u015fterilerimize g\u00fcvenilir bir hizmet sunuyoruz.<\/p><\/li><li><p><strong>Uluslararas\u0131 \u0130hracat:<\/strong> Meyve ve sebzelerimizi d\u00fcnya genelinde t\u00fcketicilere ula\u015ft\u0131rmak i\u00e7in titizlikle \u00e7al\u0131\u015f\u0131yoruz. Uluslararas\u0131 ticaret d\u00fczenlemelerine uygunlu\u011fu sa\u011flamak, \u00fcr\u00fcnlerimizi en taze ve en kaliteli \u015fekilde al\u0131c\u0131lar\u0131m\u0131za ula\u015ft\u0131rmak i\u00e7in \u00f6zveri ile \u00e7al\u0131\u015f\u0131yoruz.<\/p><\/li><li><p><strong>\u0130novasyon ve Kalite:<\/strong> S\u00fcrekli olarak sekt\u00f6rdeki yenilikleri takip ediyor, en son teknolojiye dayal\u0131 \u00e7\u00f6z\u00fcmleri m\u00fc\u015fterilerimize sunuyoruz. Kalite kontrol s\u00fcre\u00e7lerimizi s\u0131k\u0131 bir \u015fekilde uygulayarak \u00fcr\u00fcnlerimizin en \u00fcst d\u00fczeyde kalmas\u0131n\u0131 sa\u011fl\u0131yoruz.<\/p><\/li><li><p><strong>M\u00fc\u015fteri Memnuniyeti:<\/strong> M\u00fc\u015fteri memnuniyeti bizim i\u00e7in \u00f6nceliktir. Profesyonel ve deneyimli ekibimiz, m\u00fc\u015fterilerimize en iyi hizmeti sunmak i\u00e7in \u00e7al\u0131\u015fmaktad\u0131r.<\/p><\/li><\/ol><p>G\u00f6ztepe So\u011futma ve G\u00f6ztepe Fresh, taze ve sa\u011fl\u0131kl\u0131 \u00fcr\u00fcnleri d\u00fcnya genelinde t\u00fcketicilere ula\u015ft\u0131rmak i\u00e7in kararl\u0131 bir \u015fekilde \u00e7al\u0131\u015fmaktad\u0131r. Bizimle \u00e7al\u0131\u015farak kaliteye, tazelik ve g\u00fcvenilirli\u011fe yat\u0131r\u0131m yap\u0131n. Siz de &#8220;G\u00f6ztepe Kalitesi&#8221; ile tan\u0131\u015f\u0131n!<\/p>\t\t\t\t\t<\/div>\n\t\t\t\t\t\t<\/div>\n\t\t\t\t<\/div>\n\t\t\t\t\t\t<\/div>\n\t\t\t\t\t<\/div>\n\t\t<\/div>\n\t\t\t\t<div class=\"elementor-column elementor-col-50 elementor-inner-column elementor-element elementor-element-fbc05b1 elementor-hidden-tablet\" data-id=\"fbc05b1\" data-element_type=\"column\">\n\t\t\t<div class=\"elementor-column-wrap elementor-element-populated\">\n\t\t\t\t\t\t\t<div class=\"elementor-widget-wrap\">\n\t\t\t\t\t\t<div class=\"elementor-element elementor-element-54c6e19 elementor-widget-tablet__width-initial elementor-absolute scroll-motion-yes scroll-motion-direction-up elementor-widget elementor-widget-image\" data-id=\"54c6e19\" data-element_type=\"widget\" data-settings=\"{&quot;_position&quot;:&quot;absolute&quot;}\" data-widget_type=\"image.default\">\n\t\t\t\t<div class=\"elementor-widget-container\">\n\t\t\t<style>\/*! elementor - v3.18.0 - 20-12-2023 *\/\n.elementor-widget-image{text-align:center}.elementor-widget-image a{display:inline-block}.elementor-widget-image a img[src$=\".svg\"]{width:48px}.elementor-widget-image img{vertical-align:middle;display:inline-block}<\/style>\t\t\t\t\t<div class=\"elementor-image\">\n\t\t\t\t\t\t\t\t\t\t\t\t<img decoding=\"async\" width=\"176\" height=\"217\" src=\"https:\/\/goztepesogutma.com\/wp-content\/uploads\/2021\/08\/Shape-4.png\" class=\"attachment-large size-large wp-image-3105\" alt=\"\" \/>\t\t\t\t\t\t\t\t\t\t\t\t\t\t<\/div>\n\t\t\t\t\t\t<\/div>\n\t\t\t\t<\/div>\n\t\t\t\t<div class=\"elementor-element elementor-element-c04628d elementor-widget-tablet__width-auto scroll-motion-no elementor-invisible elementor-widget elementor-widget-image\" data-id=\"c04628d\" data-element_type=\"widget\" data-settings=\"{&quot;_animation&quot;:&quot;ta_under_strips&quot;,&quot;_animation_laptop&quot;:&quot;none&quot;}\" data-widget_type=\"image.default\">\n\t\t\t\t<div class=\"elementor-widget-container\">\n\t\t\t\t\t\t\t\t<div class=\"elementor-image\">\n\t\t\t\t\t\t\t\t\t\t\t\t<img fetchpriority=\"high\" decoding=\"async\" width=\"518\" height=\"610\" src=\"https:\/\/goztepesogutma.com\/wp-content\/uploads\/2024\/01\/BANNER2.png\" class=\"attachment-full size-full wp-image-20016\" alt=\"\" srcset=\"https:\/\/goztepesogutma.com\/wp-content\/uploads\/2024\/01\/BANNER2.png 518w, https:\/\/goztepesogutma.com\/wp-content\/uploads\/2024\/01\/BANNER2-255x300.png 255w\" sizes=\"(max-width: 518px) 100vw, 518px\" \/>\t\t\t\t\t\t\t\t\t\t\t\t\t\t<\/div>\n\t\t\t\t\t\t<\/div>\n\t\t\t\t<\/div>\n\t\t\t\t\t\t<\/div>\n\t\t\t\t\t<\/div>\n\t\t<\/div>\n\t\t\t\t\t\t\t\t<\/div>\n\t\t\t\t\t<\/div>\n\t\t<\/section>\n\t\t\t\t\t\t<\/div>\n\t\t\t\t\t<\/div>\n\t\t<\/div>\n\t\t\t\t\t\t\t\t<\/div>\n\t\t\t\t\t<\/div>\n\t\t<\/section>\n\t\t\t\t\t\t\t\t\t<\/div>\n\t\t\t<\/div>\n\t\t\t\t\t<\/div>\n\t\t","protected":false},"excerpt":{"rendered":"<p>\u00a0 G\u00f6ztepe So\u011futma ve G\u00f6ztepe Fresh Kalite ve Tazelikte \u00d6nc\u00fc! G\u00f6ztepe So\u011futma ve G\u00f6ztepe Fresh, tar\u0131m \u00fcr\u00fcnleri so\u011futma ve ihracat\u0131nda sekt\u00f6rde \u00f6nc\u00fc bir firma olarak bilinmektedir. M\u00fc\u015fterilerimize y\u00fcksek kaliteli meyve ve sebzelerin taze kalmas\u0131n\u0131 sa\u011flama konusundaki taahh\u00fcd\u00fcm\u00fczle, sekt\u00f6rdeki liderli\u011fimizi s\u00fcrd\u00fcrmekteyiz. Hizmetlerimiz:&#8230;<\/p>","protected":false},"author":1,"featured_media":0,"parent":0,"menu_order":0,"comment_status":"closed","ping_status":"closed","template":"","meta":{"footnotes":""},"class_list":["post-172","page","type-page","status-publish","hentry"],"aioseo_notices":[],"_links":{"self":[{"href":"https:\/\/goztepesogutma.com\/ru\/wp-json\/wp\/v2\/pages\/172","targetHints":{"allow":["GET"]}}],"collection":[{"href":"https:\/\/goztepesogutma.com\/ru\/wp-json\/wp\/v2\/pages"}],"about":[{"href":"https:\/\/goztepesogutma.com\/ru\/wp-json\/wp\/v2\/types\/page"}],"author":[{"embeddable":true,"href":"https:\/\/goztepesogutma.com\/ru\/wp-json\/wp\/v2\/users\/1"}],"replies":[{"embeddable":true,"href":"https:\/\/goztepesogutma.com\/ru\/wp-json\/wp\/v2\/comments?post=172"}],"version-history":[{"count":31,"href":"https:\/\/goztepesogutma.com\/ru\/wp-json\/wp\/v2\/pages\/172\/revisions"}],"predecessor-version":[{"id":20151,"href":"https:\/\/goztepesogutma.com\/ru\/wp-json\/wp\/v2\/pages\/172\/revisions\/20151"}],"wp:attachment":[{"href":"https:\/\/goztepesogutma.com\/ru\/wp-json\/wp\/v2\/media?parent=172"}],"curies":[{"name":"wp","href":"https:\/\/api.w.org\/{rel}","templated":true}]}}